{"id":726,"date":"2019-06-26T01:09:38","date_gmt":"2019-06-26T01:09:38","guid":{"rendered":"http:\/\/recart.wpsoul.com\/?post_type=product&#038;p=726"},"modified":"2025-04-26T16:44:58","modified_gmt":"2025-04-26T15:44:58","slug":"pla-basic","status":"publish","type":"product","link":"https:\/\/b2b.crofil3d.com\/hr\/proizvod\/pla-basic\/","title":{"rendered":"PLA Basic"},"content":{"rendered":"<div class=\"flex flex-grow flex-col max-w-full\">\n<div class=\"min-h-[20px] text-message flex flex-col items-start gap-3 whitespace-pre-wrap break-words [.text-message+&amp;]:mt-5 overflow-x-auto\" dir=\"auto\" data-message-author-role=\"assistant\" data-message-id=\"5f126f5d-a4f9-4b49-89bc-163fbe4a3641\">\n<div class=\"markdown prose w-full break-words dark:prose-invert light\">\n<p>Our PLA Basic 3D Filament, available in an extensive palette of vibrant colors, is an excellent choice for FDM printers, supporting a broad range of models with 1.75mm compatibility. This filament is renowned for its superb print quality and ease of use, featuring high layer adhesion and consistent flow with minimal warping. It is environmentally friendly, made from cornstarch-based materials, making it both non-toxic and biodegradable.<\/p>\n<p><strong>Klju\u010dne zna\u010dajke:<\/strong><\/p>\n<ul>\n<li>Visoka \u010dvrsto\u0107a i pouzdanost<\/li>\n<li>Izvrsno povezivanje slojeva<\/li>\n<li>Dosljedan promjer za ravnomjeran protok<\/li>\n<li>\u0160iroka kompatibilnost s FDM pisa\u010dima<\/li>\n<li>Ekolo\u0161ki prihvatljiv: proizveden iz obnovljivih izvora i biorazgradiv<\/li>\n<li>Minimalno uvijanje i niska stopa skupljanja<\/li>\n<\/ul>\n<p><strong>Sadr\u017eaj paketa:<\/strong> Jedna \u0161pula PLA filamenta za 3D ispis, 1 kg, promjer 1.75 mm<\/p>\n<p><strong>Specifikacije:<\/strong><\/p>\n<ul>\n<li>Dimenzije \u0161pule: promjer 200 mm, promjer sredi\u0161ta 55 mm, \u0161irina 60 mm<\/li>\n<li>Najbolje prakse: osigurajte prozra\u010den radni prostor, pridr\u017eavajte se preporu\u010denih temperatura i \u010duvajte na suhom mjestu, daleko od izravne sun\u010deve svjetlosti<\/li>\n<li>Temperatura podloge: obi\u010dno ne zahtijeva grijanu podlogu, ali ako se koristi, odr\u017eavajte je na 50-60 \u00b0C<\/li>\n<li>\u2013 Brzina ispisa: &lt; 300 mm\/s<\/li>\n<li>Tolerancija: \u00b10,02 mm<\/li>\n<li>\u2013 Kupite na\u0161 izdr\u017eljivi PLA filament za 3D ispis, 1.75 mm \u2013 1 kg, po konkurentnoj cijeni.<\/li>\n<\/ul>\n<\/div>\n<p><strong>Crofil 3D - Rub kartonske \u0161pule<\/strong> osigurava glatko kori\u0161tenje u AMS ure\u0111ajima, pru\u017eaju\u0107i dodatnu stabilnost i izdr\u017eljivost kartonskim \u0161pulama te podr\u017eava odr\u017eivo printanje uz minimalni plasti\u010dni otpad.<\/p>\n<p>White Spool Download <a href=\"https:\/\/makerworld.com\/en\/models\/709521#profileId-639812\">ovdje<\/a><\/p>\n<\/div>\n<\/div>\n<div class=\"mt-1 flex gap-3 empty:hidden\">\n<div class=\"text-gray-400 flex self-end lg:self-center items-center justify-center lg:justify-start mt-0 -ml-1 h-7 gap-[2px] visible\">\n<div class=\"flex\">Black Spool Download <a href=\"https:\/\/makerworld.com\/en\/models\/1285956-crofil-3d-cardboard-spool-edge-black-spool#profileId-1315068\">ovdje<\/a><\/div>\n<div class=\"flex items-center pb-0.5\"><\/div>\n<\/div>\n<\/div>","protected":false},"excerpt":{"rendered":"<p><strong>Preporu\u010dene postavke za ispis:<\/strong><br \/>\n- Temperatura mlaznice: 190 \u2013 230 \u00b0C<br \/>\n- Temperatura podloge: 50 \u2013 55 \u00b0C<br \/>\n- Brzina ispisa: 300 mm\/s<\/p>","protected":false},"featured_media":3578,"comment_status":"open","ping_status":"closed","template":"","meta":{"_acf_changed":false,"_gspb_post_css":""},"store":[138],"product_brand":[],"product_cat":[136],"product_tag":[],"class_list":{"0":"post-726","1":"product","2":"type-product","3":"status-publish","4":"has-post-thumbnail","6":"store-crofil3d","7":"product_cat-3d-filament","9":"first","10":"instock","11":"product-type-variable","12":"has-default-attributes","13":"wvs-archive-product-wrapper"},"acf":[],"_links":{"self":[{"href":"https:\/\/b2b.crofil3d.com\/hr\/wp-json\/wp\/v2\/product\/726","targetHints":{"allow":["GET"]}}],"collection":[{"href":"https:\/\/b2b.crofil3d.com\/hr\/wp-json\/wp\/v2\/product"}],"about":[{"href":"https:\/\/b2b.crofil3d.com\/hr\/wp-json\/wp\/v2\/types\/product"}],"replies":[{"embeddable":true,"href":"https:\/\/b2b.crofil3d.com\/hr\/wp-json\/wp\/v2\/comments?post=726"}],"wp:featuredmedia":[{"embeddable":true,"href":"https:\/\/b2b.crofil3d.com\/hr\/wp-json\/wp\/v2\/media\/3578"}],"wp:attachment":[{"href":"https:\/\/b2b.crofil3d.com\/hr\/wp-json\/wp\/v2\/media?parent=726"}],"wp:term":[{"taxonomy":"store","embeddable":true,"href":"https:\/\/b2b.crofil3d.com\/hr\/wp-json\/wp\/v2\/store?post=726"},{"taxonomy":"product_brand","embeddable":true,"href":"https:\/\/b2b.crofil3d.com\/hr\/wp-json\/wp\/v2\/product_brand?post=726"},{"taxonomy":"product_cat","embeddable":true,"href":"https:\/\/b2b.crofil3d.com\/hr\/wp-json\/wp\/v2\/product_cat?post=726"},{"taxonomy":"product_tag","embeddable":true,"href":"https:\/\/b2b.crofil3d.com\/hr\/wp-json\/wp\/v2\/product_tag?post=726"}],"curies":[{"name":"wp","href":"https:\/\/api.w.org\/{rel}","templated":true}]}}