{"id":3995,"date":"2025-01-28T20:53:56","date_gmt":"2025-01-28T19:53:56","guid":{"rendered":"https:\/\/b2b.crofil3d.com\/?post_type=product&#038;p=3995"},"modified":"2025-04-27T19:51:35","modified_gmt":"2025-04-27T18:51:35","slug":"filament-mix-discounted-designers-prototyping","status":"publish","type":"product","link":"https:\/\/b2b.crofil3d.com\/hr\/proizvod\/filament-mix-discounted-designers-prototyping\/","title":{"rendered":"Filament MIX"},"content":{"rendered":"<p><strong>MIX je akcijski proizvod \u010diju boju ili kombinaciju boja nije mogu\u0107e odabrati.<\/strong>\u00a0U pogledu printanja, radi se o punopravnom filamentu koji je potpuno ispravan za kori\u0161tenje \u2013 svi modeli mogu biti uspje\u0161no isprintani bez problema.<\/p>\n<p>Ova opcija idealno je rje\u0161enje za\u00a0<strong>dizajnere, kreativce i prototipiste<\/strong>\u00a0koji \u017eele testirati svoje proizvode, eksperimentirati s razli\u010ditim kombinacijama ili isprobati funkcionalnost prije ulaska u serijsku proizvodnju. Zahvaljuju\u0107i povoljnoj cijeni, MIX nudi bud\u017eetski prihvatljivu opciju za istra\u017eivanje kreativnih mogu\u0107nosti bez ograni\u010denja u odabiru palete.<\/p>\n<p><strong>Karakteristike proizvoda:<\/strong><br \/>\n\u2013 Mogu\u0107a je\u00a0<strong>promjena boje filamenta na kolutima<\/strong>\u00a0(so-called &#8220;color change&#8221; effect)<br \/>\n\u2013 Prisutne su\u00a0<strong>varijacije u boji ili odstupanja u stabilnosti nijansi<\/strong>\u00a0unutar istog koluta<br \/>\n\u2013 Materijal\u00a0<strong>mo\u017ee biti neosu\u0161en<\/strong>\u00a0(nije dodatno kondicioniran prije pakiranja)<br \/>\n\u2013 Filament\u00a0<strong>nije pakiran u originalno pakiranje<\/strong>\u00a0radi smanjenja tro\u0161kova<\/p>\n<p><strong>Za\u0161to je MIX savr\u0161en za testiranje?<\/strong><br \/>\n\u2714\ufe0f Omogu\u0107uje brzu provjeru dizajna bez investicije u premium boje<br \/>\n\u2714\ufe0f Pru\u017ea neo\u010dekivane kombinacije koje mogu potaknuti kreativne inovacije<br \/>\n\u2714\ufe0f Idealno za prototipove, funkcionalne testove ili privremene projekte<\/p>\n<p>Iskoristite priliku da istra\u017eite svoje ideje uz fleksibilnost i ekonomi\u010dnost MIX filamenta \u2013 savr\u0161en spoj prakti\u010dnosti i kreativne improvizacije! \ud83c\udf08\u2728<\/p>\n<p><em>Napomena: Zbog specifi\u010dnosti proizvoda, preporu\u010dujemo namjensku upotrebu za testne svrhe ili projekte gdje estetska dosljednost nije klju\u010dni faktor.<\/em><\/p>\n<p>&nbsp;<\/p>\n<div class=\"flex flex-grow flex-col max-w-full\">\n<div class=\"min-h-[20px] text-message flex flex-col items-start gap-3 whitespace-pre-wrap break-words [.text-message+&amp;]:mt-5 overflow-x-auto\" dir=\"auto\" data-message-author-role=\"assistant\" data-message-id=\"5f126f5d-a4f9-4b49-89bc-163fbe4a3641\">\n<p><strong>Crofil 3D - Rub kartonske \u0161pule<\/strong> osigurava glatko kori\u0161tenje u AMS ure\u0111ajima, pru\u017eaju\u0107i dodatnu stabilnost i izdr\u017eljivost kartonskim \u0161pulama te podr\u017eava odr\u017eivo printanje uz minimalni plasti\u010dni otpad.<\/p>\n<p>White Spool Download <a href=\"https:\/\/makerworld.com\/en\/models\/709521#profileId-639812\">ovdje<\/a><\/p>\n<\/div>\n<\/div>\n<div class=\"mt-1 flex gap-3 empty:hidden\">\n<div class=\"text-gray-400 flex self-end lg:self-center items-center justify-center lg:justify-start mt-0 -ml-1 h-7 gap-[2px] visible\">\n<div class=\"flex\">Black Spool Download <a href=\"https:\/\/makerworld.com\/en\/models\/1285956-crofil-3d-cardboard-spool-edge-black-spool#profileId-1315068\">ovdje<\/a><\/div>\n<\/div>\n<\/div>","protected":false},"excerpt":{"rendered":"<p>MIX is a discounted product where you cannot choose the color or color combination.\u00a0In terms of printing, it is a fully functional filament that works perfectly \u2014 all models can be printed smoothly without issues. This option is an ideal solution for\u00a0designers, creatives, and prototypers\u00a0who want to test their products, experiment with unique combinations, or [&hellip;]<\/p>","protected":false},"featured_media":3601,"comment_status":"open","ping_status":"closed","template":"","meta":{"_acf_changed":false,"_gspb_post_css":""},"store":[138],"product_brand":[],"product_cat":[136],"product_tag":[],"class_list":{"0":"post-3995","1":"product","2":"type-product","3":"status-publish","4":"has-post-thumbnail","6":"store-crofil3d","7":"product_cat-3d-filament","9":"first","10":"instock","11":"taxable","12":"shipping-taxable","13":"product-type-variable","14":"wvs-archive-product-wrapper"},"acf":[],"_links":{"self":[{"href":"https:\/\/b2b.crofil3d.com\/hr\/wp-json\/wp\/v2\/product\/3995","targetHints":{"allow":["GET"]}}],"collection":[{"href":"https:\/\/b2b.crofil3d.com\/hr\/wp-json\/wp\/v2\/product"}],"about":[{"href":"https:\/\/b2b.crofil3d.com\/hr\/wp-json\/wp\/v2\/types\/product"}],"replies":[{"embeddable":true,"href":"https:\/\/b2b.crofil3d.com\/hr\/wp-json\/wp\/v2\/comments?post=3995"}],"wp:featuredmedia":[{"embeddable":true,"href":"https:\/\/b2b.crofil3d.com\/hr\/wp-json\/wp\/v2\/media\/3601"}],"wp:attachment":[{"href":"https:\/\/b2b.crofil3d.com\/hr\/wp-json\/wp\/v2\/media?parent=3995"}],"wp:term":[{"taxonomy":"store","embeddable":true,"href":"https:\/\/b2b.crofil3d.com\/hr\/wp-json\/wp\/v2\/store?post=3995"},{"taxonomy":"product_brand","embeddable":true,"href":"https:\/\/b2b.crofil3d.com\/hr\/wp-json\/wp\/v2\/product_brand?post=3995"},{"taxonomy":"product_cat","embeddable":true,"href":"https:\/\/b2b.crofil3d.com\/hr\/wp-json\/wp\/v2\/product_cat?post=3995"},{"taxonomy":"product_tag","embeddable":true,"href":"https:\/\/b2b.crofil3d.com\/hr\/wp-json\/wp\/v2\/product_tag?post=3995"}],"curies":[{"name":"wp","href":"https:\/\/api.w.org\/{rel}","templated":true}]}}