{"id":365,"date":"2019-02-19T18:11:38","date_gmt":"2019-02-19T18:11:38","guid":{"rendered":"http:\/\/wclovers.bizdirect.pw\/?post_type=product&#038;p=365"},"modified":"2025-04-18T09:56:57","modified_gmt":"2025-04-18T08:56:57","slug":"pla-neon","status":"publish","type":"product","link":"https:\/\/b2b.crofil3d.com\/hr\/proizvod\/pla-neon\/","title":{"rendered":"PLA Neon"},"content":{"rendered":"<p>Crofil 3D PLA Neon 3D Filament, bursting with eye-catching neon colors, is perfectly suited for FDM printers and compatible with most models that accommodate 1.75mm filament. This filament stands out due to its bright, vibrant hues that glow under black light, making it ideal for unique projects and artistic creations. It boasts excellent printing properties, including high layer adhesion and low warping, and is made from environmentally friendly, biodegradable materials.<\/p>\n<p><strong>Klju\u010dne zna\u010dajke:<\/strong><\/p>\n<ul>\n<li>Striking neon colors with glow-under-black light effects<\/li>\n<li>High strength and durability<\/li>\n<li>Excellent layer adhesion for detailed prints<\/li>\n<li>Smooth printing with reduced stringing and warping<\/li>\n<li>Compatible with a wide range of FDM printers<\/li>\n<li>Eco-friendly: made from renewable resources and biodegradable<\/li>\n<li>Optimal printing temperature: 190-220\u00b0C; platform temperature: 00-60\u00b0C<\/li>\n<\/ul>\n<p><strong>Sadr\u017eaj paketa:<\/strong> One 1KG spool of PLA Neon 3D Filament, 1.75mm diameter<\/p>\n<p><strong>Specifikacije:<\/strong><\/p>\n<ul>\n<li>Spool dimensions: 200mm diameter, 60mm hub diameter, 65mm width<\/li>\n<li>Best practices: Operate in a ventilated workspace, maintain recommended temperatures, store in a dry environment away from sunlight<\/li>\n<li>Optimal extrusion temperature: 190-220\u00b0C<\/li>\n<li>Platform temperature: Not necessary to heat, but if used, maintain between 0-60\u00b0C<\/li>\n<li>\u2013 Brzina ispisa: &lt; 300 mm\/s<\/li>\n<li>Tolerancija: \u00b10,02 mm<\/li>\n<li>Purchase our vibrant PLA Neon 3D Filament 1.75mm &#8211; 1 kg at a competitive price.<\/li>\n<\/ul>\n<p><strong>Warranty:<\/strong> Covered by a comprehensive manufacturer&#8217;s warranty for any defects. Contact us for assistance, replacements, or refunds. Refer to warranty details for more information.<\/p>\n<p>&nbsp;<\/p>\n<div class=\"flex flex-grow flex-col max-w-full\">\n<div class=\"min-h-[20px] text-message flex flex-col items-start gap-3 whitespace-pre-wrap break-words [.text-message+&amp;]:mt-5 overflow-x-auto\" dir=\"auto\" data-message-author-role=\"assistant\" data-message-id=\"5f126f5d-a4f9-4b49-89bc-163fbe4a3641\">\n<p><strong>Crofil 3D - Rub kartonske \u0161pule<\/strong> osigurava glatko kori\u0161tenje u AMS ure\u0111ajima, pru\u017eaju\u0107i dodatnu stabilnost i izdr\u017eljivost kartonskim \u0161pulama te podr\u017eava odr\u017eivo printanje uz minimalni plasti\u010dni otpad.<\/p>\n<p>White Spool Download <a href=\"https:\/\/makerworld.com\/en\/models\/709521#profileId-639812\">ovdje<\/a><\/p>\n<\/div>\n<\/div>\n<div class=\"mt-1 flex gap-3 empty:hidden\">\n<div class=\"text-gray-400 flex self-end lg:self-center items-center justify-center lg:justify-start mt-0 -ml-1 h-7 gap-[2px] visible\">\n<div class=\"flex\">Black Spool Download <a href=\"https:\/\/makerworld.com\/en\/models\/1285956-crofil-3d-cardboard-spool-edge-black-spool#profileId-1315068\">ovdje<\/a><\/div>\n<\/div>\n<\/div>","protected":false},"excerpt":{"rendered":"<p><strong>Preporu\u010dene postavke za ispis:<\/strong><br \/>\n- Temperatura mlaznice: 190 \u2013 230 \u00b0C<br \/>\n&#8211; Bed Temperature: 0 &#8211; 60 \u00b0C<br \/>\n- Brzina ispisa: 300 mm\/s<\/p>","protected":false},"featured_media":3586,"comment_status":"open","ping_status":"closed","template":"","meta":{"_acf_changed":false,"_gspb_post_css":""},"store":[138],"product_brand":[],"product_cat":[136],"product_tag":[195],"class_list":{"0":"post-365","1":"product","2":"type-product","3":"status-publish","4":"has-post-thumbnail","6":"store-crofil3d","7":"product_cat-3d-filament","8":"product_tag-pla-neon","10":"first","11":"instock","12":"product-type-variable","13":"wvs-archive-product-wrapper"},"acf":[],"_links":{"self":[{"href":"https:\/\/b2b.crofil3d.com\/hr\/wp-json\/wp\/v2\/product\/365","targetHints":{"allow":["GET"]}}],"collection":[{"href":"https:\/\/b2b.crofil3d.com\/hr\/wp-json\/wp\/v2\/product"}],"about":[{"href":"https:\/\/b2b.crofil3d.com\/hr\/wp-json\/wp\/v2\/types\/product"}],"replies":[{"embeddable":true,"href":"https:\/\/b2b.crofil3d.com\/hr\/wp-json\/wp\/v2\/comments?post=365"}],"wp:featuredmedia":[{"embeddable":true,"href":"https:\/\/b2b.crofil3d.com\/hr\/wp-json\/wp\/v2\/media\/3586"}],"wp:attachment":[{"href":"https:\/\/b2b.crofil3d.com\/hr\/wp-json\/wp\/v2\/media?parent=365"}],"wp:term":[{"taxonomy":"store","embeddable":true,"href":"https:\/\/b2b.crofil3d.com\/hr\/wp-json\/wp\/v2\/store?post=365"},{"taxonomy":"product_brand","embeddable":true,"href":"https:\/\/b2b.crofil3d.com\/hr\/wp-json\/wp\/v2\/product_brand?post=365"},{"taxonomy":"product_cat","embeddable":true,"href":"https:\/\/b2b.crofil3d.com\/hr\/wp-json\/wp\/v2\/product_cat?post=365"},{"taxonomy":"product_tag","embeddable":true,"href":"https:\/\/b2b.crofil3d.com\/hr\/wp-json\/wp\/v2\/product_tag?post=365"}],"curies":[{"name":"wp","href":"https:\/\/api.w.org\/{rel}","templated":true}]}}