{"id":2546,"date":"2024-01-05T23:58:14","date_gmt":"2024-01-05T23:58:14","guid":{"rendered":"https:\/\/b2b.crofil3d.com\/?post_type=product&#038;p=2546"},"modified":"2025-04-30T14:00:19","modified_gmt":"2025-04-30T13:00:19","slug":"petg","status":"publish","type":"product","link":"https:\/\/b2b.crofil3d.com\/hr\/proizvod\/petg\/","title":{"rendered":"PETG"},"content":{"rendered":"<p>Na\u0161 PETG filament za 3D ispis, dostupan u \u0161irokom spektru boja, vrhunski je izbor za FDM pisa\u010de i kompatibilan je s ve\u0107inom modela promjera 1.75 mm. Njegove prednosti uklju\u010duju izuzetnu \u010dvrsto\u0107u, \u017eivopisne boje i glatku, sjajnu zavr\u0161nu obradu, postignutu minimalnim skupljanjem i izvrsnim prianjanjem slojeva.<\/p>\n<p><strong>Klju\u010dne zna\u010dajke:<\/strong><br \/>\nPove\u0107ana izdr\u017eljivost i \u010dvrsto\u0107a<br \/>\nPobolj\u0161ano povezivanje slojeva<br \/>\nSjajna zavr\u0161na obrada bez mjehuri\u0107a<br \/>\nUniform thickness<br \/>\n\u0160iroka kompatibilnost s FDM pisa\u010dima<br \/>\nEkolo\u0161ki prihvatljiv: netoksi\u010dan<br \/>\nSmanjeno stvaranje niti i uvijanje<br \/>\nNiska stopa skupljanja<\/p>\n<p><strong>Sadr\u017eaj paketa:<\/strong><br \/>\nJedna \u0161pula PETG filamenta za 3D ispis, 1 kg, promjer 1.75 mm<\/p>\n<p><strong>Specifikacije:<\/strong><br \/>\nDimenzije \u0161pule: promjer 200 mm, promjer sredi\u0161ta 55 mm, \u0161irina 60 mm<br \/>\nNajbolje prakse: prozra\u010den radni prostor, pridr\u017eavanje preporu\u010denih temperatura, suho skladi\u0161tenje daleko od sun\u010deve svjetlosti<br \/>\nTemperatura podloge: potrebno ljepilo ako je ispod 70 \u00b0C, nije potrebno iznad 70-80 \u00b0C<br \/>\nTolerancija: \u00b10,02 mm<br \/>\nKupite na\u0161 visokokvalitetni PETG filament za 3D ispis, 1.75 mm \u2013 1 kg, po konkurentnoj cijeni.<\/p>\n<p>&nbsp;<\/p>\n<div class=\"flex flex-grow flex-col max-w-full\">\n<div class=\"min-h-[20px] text-message flex flex-col items-start gap-3 whitespace-pre-wrap break-words [.text-message+&amp;]:mt-5 overflow-x-auto\" dir=\"auto\" data-message-author-role=\"assistant\" data-message-id=\"5f126f5d-a4f9-4b49-89bc-163fbe4a3641\">\n<p><strong>Crofil 3D - Rub kartonske \u0161pule<\/strong> osigurava glatko kori\u0161tenje u AMS ure\u0111ajima, pru\u017eaju\u0107i dodatnu stabilnost i izdr\u017eljivost kartonskim \u0161pulama te podr\u017eava odr\u017eivo printanje uz minimalni plasti\u010dni otpad.<\/p>\n<p>White Spool Download <a href=\"https:\/\/makerworld.com\/en\/models\/709521#profileId-639812\">ovdje<\/a><\/p>\n<\/div>\n<\/div>\n<div class=\"mt-1 flex gap-3 empty:hidden\">\n<div class=\"text-gray-400 flex self-end lg:self-center items-center justify-center lg:justify-start mt-0 -ml-1 h-7 gap-[2px] visible\">\n<div class=\"flex\">Black Spool Download <a href=\"https:\/\/makerworld.com\/en\/models\/1285956-crofil-3d-cardboard-spool-edge-black-spool#profileId-1315068\">ovdje<\/a><\/div>\n<\/div>\n<\/div>","protected":false},"excerpt":{"rendered":"<p><strong>Preporu\u010dene postavke za ispis:<\/strong><br \/>\n- Temperatura mlaznice: 240-260 \u00b0C<br \/>\n- Temperatura podloge: 70-80 \u00b0C<br \/>\n- Brzina ispisa: 200 mm\/s<\/p>","protected":false},"featured_media":3598,"comment_status":"open","ping_status":"closed","template":"","meta":{"_acf_changed":false,"_gspb_post_css":""},"store":[138],"product_brand":[],"product_cat":[136],"product_tag":[],"class_list":{"0":"post-2546","1":"product","2":"type-product","3":"status-publish","4":"has-post-thumbnail","6":"store-crofil3d","7":"product_cat-3d-filament","9":"first","10":"instock","11":"product-type-variable","12":"has-default-attributes","13":"wvs-archive-product-wrapper"},"acf":[],"_links":{"self":[{"href":"https:\/\/b2b.crofil3d.com\/hr\/wp-json\/wp\/v2\/product\/2546","targetHints":{"allow":["GET"]}}],"collection":[{"href":"https:\/\/b2b.crofil3d.com\/hr\/wp-json\/wp\/v2\/product"}],"about":[{"href":"https:\/\/b2b.crofil3d.com\/hr\/wp-json\/wp\/v2\/types\/product"}],"replies":[{"embeddable":true,"href":"https:\/\/b2b.crofil3d.com\/hr\/wp-json\/wp\/v2\/comments?post=2546"}],"wp:featuredmedia":[{"embeddable":true,"href":"https:\/\/b2b.crofil3d.com\/hr\/wp-json\/wp\/v2\/media\/3598"}],"wp:attachment":[{"href":"https:\/\/b2b.crofil3d.com\/hr\/wp-json\/wp\/v2\/media?parent=2546"}],"wp:term":[{"taxonomy":"store","embeddable":true,"href":"https:\/\/b2b.crofil3d.com\/hr\/wp-json\/wp\/v2\/store?post=2546"},{"taxonomy":"product_brand","embeddable":true,"href":"https:\/\/b2b.crofil3d.com\/hr\/wp-json\/wp\/v2\/product_brand?post=2546"},{"taxonomy":"product_cat","embeddable":true,"href":"https:\/\/b2b.crofil3d.com\/hr\/wp-json\/wp\/v2\/product_cat?post=2546"},{"taxonomy":"product_tag","embeddable":true,"href":"https:\/\/b2b.crofil3d.com\/hr\/wp-json\/wp\/v2\/product_tag?post=2546"}],"curies":[{"name":"wp","href":"https:\/\/api.w.org\/{rel}","templated":true}]}}