{"id":3798,"date":"2024-11-05T19:50:07","date_gmt":"2024-11-05T19:50:07","guid":{"rendered":"https:\/\/b2b.crofil3d.com\/?page_id=3798"},"modified":"2024-12-14T14:14:51","modified_gmt":"2024-12-14T13:14:51","slug":"empty-filament-spool-recycling-program","status":"publish","type":"page","link":"https:\/\/b2b.crofil3d.com\/hr\/program-recikliranja-praznih-spula-za-filament\/","title":{"rendered":"Program recikliranja praznih \u0161pula za filament"},"content":{"rendered":"<p>U svijetu 3D printanja, jedan zna\u010dajan izazov sve je prisutniji \u2013 pitanje otpada nastalog od potro\u0161enih rola za filament. Nakon \u0161to se filament iskoristi, role naj\u010de\u0161\u0107e zavr\u0161avaju kao jednokratni otpad. Budu\u0107i da su uglavnom izra\u0111ene od plastike, njihovo recikliranje nije uvijek jednostavno, pa se gomilaju na odlagali\u0161tima, \u010dime se pove\u0107ava ekolo\u0161ko optere\u0107enje.<\/p><p>Procjenjuje se da se na globalnoj razini svake godine odbaci ogroman broj rola. Svaka od njih mogla bi biti iskori\u0161tena na korisniji na\u010din, no bez sustava recikliranja, role postaju jo\u0161 jedan izvor plasti\u010dnog otpada. Ovaj problem predstavlja ozbiljnu manu u industriji 3D printanja, koja bi trebala te\u017eiti odr\u017eivijem razvoju.<\/p><div id=\"gspb_gsap-gsbp-91307a0\"><div id=\"gsbp-91307a0\" class=\"gs-gsap-wrap\" data-duration=\"1\" data-triggertype=\"scroll\" data-from=\"yes\"><div class=\"wp-block-greenshift-blocks-image gspb_image gspb_image-id-gsbp-a810fc1\" id=\"gspb_image-id-gsbp-a810fc1\"><img decoding=\"async\" src=\"https:\/\/b2b.crofil3d.com\/wp-content\/uploads\/2024\/11\/recycle-crofil3d2.jpg\" data-src=\"\" alt=\"\" loading=\"lazy\" width=\"1024\" height=\"1024\"\/><\/div><\/div><\/div><p>Na\u0161e rje\u0161enje je prakti\u010dno i odgovorno \u2013 umjesto da ove role zavr\u0161e u otpadu, pru\u017eamo mogu\u0107nost za njihovu ponovnu upotrebu. Korisnicima nudimo opciju vra\u0107anja potro\u0161enih rola, \u010dime direktno pridonose smanjenju otpada i stvaranju odr\u017eivog lanca vrijednosti. Svaka rola mo\u017ee imati novi \u017eivot, \u010dime ne samo da smanjujemo koli\u010dinu otpada ve\u0107 i podr\u017eavamo cirkularnu ekonomiju.<\/p><p>Ovaj sustav recikliranja i ponovne upotrebe poma\u017ee smanjiti na\u0161 zajedni\u010dki ekolo\u0161ki otisak, promi\u010de odgovorno poslovanje i pru\u017ea ekonomske prednosti korisnicima. S ovim pristupom, doprinosimo o\u010duvanju okoli\u0161a, promoviramo odr\u017eivost i gradimo bolju budu\u0107nost za industriju 3D printanja.<\/p><div class=\"wp-block-greenshift-blocks-row alignfull gspb_row gspb_row-id-gsbp-fd48e6ab-f5a7\" id=\"gspb_row-id-gsbp-fd48e6ab-f5a7\"><div class=\"wp-block-greenshift-blocks-row-column gspb_row__col--12 gspb_col-id-gsbp-67c70c93-9732\" id=\"gspb_col-id-gsbp-67c70c93-9732\"><div id=\"gspb_heading-id-gsbp-eaa9249f-788e\" class=\"gspb_heading gspb_heading-id-gsbp-eaa9249f-788e\" data-aos=\"custom\" data-aos-easing=\"ease\" data-aos-duration=\"700\">Kako recikliranje funkcionira<\/div>\n\n<div class=\"wp-block-greenshift-blocks-svgshape gspb_svgBox gspb_svgBox-id-gsbp-6ff1e978-255e\" id=\"gspb_svgBox-id-gsbp-6ff1e978-255e\" data-aos=\"fade-right\" data-aos-delay=\"200\" data-aos-easing=\"ease\" data-aos-duration=\"700\"><svg data-style=\"19\" x=\"0px\" y=\"0px\" viewbox=\"0 0 196 6\" preserveaspectratio=\"none\" fill=\"#ffffff\"><path data-style=\"19\" d=\"M195.4 5.20003C193.2 5.20003 192.1 4.30003 191.1 3.60003C190.2 2.90003 189.3 2.20003 187.6 2.20003C185.9 2.20003 185.1 2.80003 184.1 3.60003C183.1 4.40003 182 5.20003 179.8 5.20003C177.6 5.20003 176.5 4.30003 175.5 3.60003C174.6 2.90003 173.7 2.20003 172 2.20003C170.3 2.20003 169.5 2.80003 168.5 3.60003C167.5 4.40003 166.4 5.20003 164.2 5.20003C162 5.20003 160.9 4.30003 159.9 3.60003C159 2.90003 158.1 2.20003 156.4 2.20003C154.7 2.20003 153.9 2.80003 152.9 3.60003C151.9 4.40003 150.8 5.20003 148.6 5.20003C146.4 5.20003 145.3 4.30003 144.3 3.60003C143.4 2.90003 142.5 2.20003 140.8 2.20003C139.1 2.20003 138.3 2.80003 137.3 3.60003C136.3 4.40003 135.2 5.20003 133 5.20003C130.9 5.20003 129.7 4.30003 128.7 3.60003C127.8 2.90003 126.9 2.20003 125.2 2.20003C123.5 2.20003 122.7 2.80003 121.7 3.60003C120.7 4.40003 119.6 5.20003 117.4 5.20003C115.2 5.20003 114.1 4.30003 113.1 3.60003C112.2 2.90003 111.3 2.20003 109.6 2.20003C107.9 2.20003 107.1 2.80003 106.1 3.60003C105.1 4.40003 104 5.20003 101.8 5.20003C99.5999 5.20003 98.4999 4.30003 97.4999 3.60003C96.5999 2.90003 95.6999 2.20003 93.9999 2.20003C92.2999 2.20003 91.4999 2.80003 90.4999 3.60003C89.4999 4.40003 88.3999 5.20003 86.1999 5.20003C83.9999 5.20003 82.8999 4.30003 81.8999 3.60003C80.9999 2.90003 80.0999 2.20003 78.3999 2.20003C76.6999 2.20003 75.8999 2.80003 74.8999 3.60003C73.8999 4.40003 72.7999 5.20003 70.5999 5.20003C68.3999 5.20003 67.2999 4.30003 66.2999 3.60003C65.3999 2.90003 64.4999 2.20003 62.7999 2.20003C61.0999 2.20003 60.2999 2.80003 59.2999 3.60003C58.2999 4.40003 57.1999 5.20003 54.9999 5.20003C52.8999 5.20003 51.6999 4.30003 50.6999 3.60003C49.7999 2.90003 48.8999 2.20003 47.1999 2.20003C45.4999 2.20003 44.6999 2.80003 43.6999 3.60003C42.6999 4.40003 41.5999 5.20003 39.3999 5.20003C37.2999 5.20003 36.0999 4.30003 35.0999 3.60003C34.1999 2.90003 33.2999 2.20003 31.5999 2.20003C29.8999 2.20003 29.0999 2.80003 28.0999 3.60003C27.0999 4.40003 25.9999 5.20003 23.7999 5.20003C21.6999 5.20003 20.4999 4.30003 19.4999 3.60003C18.5999 2.90003 17.6999 2.20003 15.9999 2.20003C14.2999 2.20003 13.4999 2.80003 12.4999 3.60003C11.4999 4.40003 10.3999 5.20003 8.1999 5.20003C5.9999 5.20003 4.8999 4.30003 3.8999 3.60003C2.9999 2.90003 2.1999 2.20003 0.399902 2.20003V0.900024C2.4999 0.900024 3.6999 1.80002 4.6999 2.50002C5.5999 3.20002 6.3999 3.90002 8.1999 3.90002C9.8999 3.90002 10.6999 3.30002 11.6999 2.50002C12.6999 1.70002 13.7999 0.900024 15.9999 0.900024C18.0999 0.900024 19.2999 1.80002 20.2999 2.50002C21.1999 3.20002 22.0999 3.90002 23.7999 3.90002C25.4999 3.90002 26.2999 3.30002 27.2999 2.50002C28.2999 1.70002 29.3999 0.900024 31.5999 0.900024C33.6999 0.900024 34.8999 1.80002 35.8999 2.50002C36.7999 3.20002 37.6999 3.90002 39.3999 3.90002C41.0999 3.90002 41.8999 3.30002 42.8999 2.50002C43.8999 1.70002 44.9999 0.900024 47.1999 0.900024C49.2999 0.900024 50.4999 1.80002 51.4999 2.50002C52.3999 3.20002 53.2999 3.90002 54.9999 3.90002C56.6999 3.90002 57.4999 3.30002 58.4999 2.50002C59.4999 1.70002 60.5999 0.900024 62.7999 0.900024C64.9999 0.900024 66.0999 1.80002 67.0999 2.50002C67.9999 3.20002 68.8999 3.90002 70.5999 3.90002C72.2999 3.90002 73.0999 3.30002 74.0999 2.50002C75.0999 1.70002 76.1999 0.900024 78.3999 0.900024C80.5999 0.900024 81.6999 1.80002 82.6999 2.50002C83.5999 3.20002 84.4999 3.90002 86.1999 3.90002C87.8999 3.90002 88.6999 3.30002 89.6999 2.50002C90.6999 1.70002 91.7999 0.900024 93.9999 0.900024C96.1999 0.900024 97.2999 1.80002 98.2999 2.50002C99.1999 3.20002 100.1 3.90002 101.8 3.90002C103.5 3.90002 104.3 3.30002 105.3 2.50002C106.3 1.70002 107.4 0.900024 109.6 0.900024C111.8 0.900024 112.9 1.80002 113.9 2.50002C114.8 3.20002 115.7 3.90002 117.4 3.90002C119.1 3.90002 119.9 3.30002 120.9 2.50002C121.9 1.70002 123 0.900024 125.2 0.900024C127.3 0.900024 128.5 1.80002 129.5 2.50002C130.4 3.20002 131.3 3.90002 133 3.90002C134.7 3.90002 135.5 3.30002 136.5 2.50002C137.5 1.70002 138.6 0.900024 140.8 0.900024C143 0.900024 144.1 1.80002 145.1 2.50002C146 3.20002 146.9 3.90002 148.6 3.90002C150.3 3.90002 151.1 3.30002 152.1 2.50002C153.1 1.70002 154.2 0.900024 156.4 0.900024C158.6 0.900024 159.7 1.80002 160.7 2.50002C161.6 3.20002 162.5 3.90002 164.2 3.90002C165.9 3.90002 166.7 3.30002 167.7 2.50002C168.7 1.70002 169.8 0.900024 172 0.900024C174.2 0.900024 175.3 1.80002 176.3 2.50002C177.2 3.20002 178.1 3.90002 179.8 3.90002C181.5 3.90002 182.3 3.30002 183.3 2.50002C184.3 1.70002 185.4 0.900024 187.6 0.900024C189.8 0.900024 190.9 1.80002 191.9 2.50002C192.8 3.20002 193.7 3.90002 195.4 3.90002V5.20003Z\"><\/path><defs><lineargradient><stop><\/stop><stop><\/stop><\/lineargradient><\/defs><\/svg><\/div>\n\n<div id=\"gspb_heading-id-gsbp-54e9c541-d544\" class=\"gspb_heading gspb_heading-id-gsbp-54e9c541-d544\" data-aos=\"custom\" data-aos-delay=\"300\" data-aos-easing=\"ease\" data-aos-duration=\"700\"><strong>Reciklirajte odgovorno, podr\u017eite odr\u017eivost i u\u017eivajte u povoljnijoj kupnji!<\/strong><\/div>\n\n<div class=\"wp-block-greenshift-blocks-row gspb_row gspb_row-id-gsbp-24dcc660-c888\" id=\"gspb_row-id-gsbp-24dcc660-c888\"><div class=\"gspb_row__content\"> <div class=\"wp-block-greenshift-blocks-row-column gspb_row__col--4 gspb_col-id-gsbp-eba78062-2189\" id=\"gspb_col-id-gsbp-eba78062-2189\"><div class=\"wp-block-greenshift-blocks-container gspb_container gspb_container-gsbp-4ea32bdf-8e2f\" id=\"gspb_container-id-gsbp-4ea32bdf-8e2f\" data-aos=\"zoom-in\" data-aos-easing=\"ease\" data-aos-duration=\"700\"><div id=\"gspb_heading-id-gsbp-10fd393c-22a7\" class=\"gspb_heading gspb_heading-id-gsbp-10fd393c-22a7\">1<\/div><\/div>\n\n<div id=\"gspb_heading-id-gsbp-0f7af70c-725d\" class=\"gspb_heading gspb_heading-id-gsbp-0f7af70c-725d\" data-aos=\"custom\" data-aos-easing=\"ease\" data-aos-duration=\"700\">Spakirajte role<\/div>\n\n<div id=\"gspb_heading-id-gsbp-c8a2866b-b4cf\" class=\"gspb_heading gspb_heading-id-gsbp-c8a2866b-b4cf\" data-aos=\"custom\" data-aos-delay=\"200\" data-aos-easing=\"ease\" data-aos-duration=\"700\">Prikupite najmanje 30 praznih rola i pripremite ih za slanje. Ako imate manje od 30 rola, slobodno ih po\u0161aljite na na\u0161u adresu o vlastitom tro\u0161ku.<\/div><\/div>\n\n<div class=\"wp-block-greenshift-blocks-row-column gspb_row__col--4 gspb_col-id-gsbp-a38b9ba4-aac4\" id=\"gspb_col-id-gsbp-a38b9ba4-aac4\"><div class=\"wp-block-greenshift-blocks-container gspb_container gspb_container-gsbp-91d00e5d-0ac5\" id=\"gspb_container-id-gsbp-91d00e5d-0ac5\" data-aos=\"zoom-in\" data-aos-delay=\"200\" data-aos-easing=\"ease\" data-aos-duration=\"700\"><div id=\"gspb_heading-id-gsbp-c9a90aba-62c0\" class=\"gspb_heading gspb_heading-id-gsbp-c9a90aba-62c0\">2<\/div><\/div>\n\n<div id=\"gspb_heading-id-gsbp-6e9a2f8a-d926\" class=\"gspb_heading gspb_heading-id-gsbp-6e9a2f8a-d926\" data-aos=\"custom\" data-aos-delay=\"200\" data-aos-easing=\"ease\" data-aos-duration=\"700\">Kontaktirajte nas<\/div>\n\n<div id=\"gspb_heading-id-gsbp-91039d52-2f05\" class=\"gspb_heading gspb_heading-id-gsbp-91039d52-2f05\" data-aos=\"custom\" data-aos-delay=\"200\" data-aos-easing=\"ease\" data-aos-duration=\"700\">Javite nam veli\u010dinu pakiranja i te\u017einu, a mi \u0107emo vam poslati etiketu za slanje ako ispunjavate uvjete.<\/div><\/div>\n\n<div class=\"wp-block-greenshift-blocks-row-column gspb_row__col--4 gspb_col-id-gsbp-75b92535-622b\" id=\"gspb_col-id-gsbp-75b92535-622b\"><div class=\"wp-block-greenshift-blocks-iconbox gspb_iconBox gspb_iconBox-id-gsbp-3dd63393-41dd\" id=\"gspb_iconBox-id-gsbp-3dd63393-41dd\"><div class=\"gspb_iconBox__wrapper\" style=\"display:inline-flex\" data-aos=\"zoom-in\" data-aos-delay=\"350\" data-aos-easing=\"ease\" data-aos-duration=\"700\"><svg class=\"\" style=\"display:inline-block;vertical-align:middle\" width=\"72\" height=\"72\" viewbox=\"0 0 1024 1024\" xmlns=\"http:\/\/www.w3.org\/2000\/svg\"><path style=\"fill:#565D66\" d=\"M871.696 166.932l-526.088 526.088-193.304-193.304c-9.372-9.372-24.568-9.372-33.942 0l-56.568 56.568c-9.372 9.372-9.372 24.568 0 33.942l266.842 266.842c9.372 9.372 24.568 9.372 33.942 0l599.626-599.626c9.372-9.372 9.372-24.568 0-33.942l-56.568-56.568c-9.372-9.372-24.568-9.372-33.94 0z\"><\/path><\/svg><\/div><\/div>\n\n<div id=\"gspb_heading-id-gsbp-1c482e8b-7d15\" class=\"gspb_heading gspb_heading-id-gsbp-1c482e8b-7d15\" data-aos=\"custom\" data-aos-delay=\"200\" data-aos-easing=\"ease\" data-aos-duration=\"700\">Osvojite popust<\/div>\n\n<div id=\"gspb_heading-id-gsbp-0209e1a5-95bd\" class=\"gspb_heading gspb_heading-id-gsbp-0209e1a5-95bd\" data-aos=\"custom\" data-aos-delay=\"300\" data-aos-easing=\"ease\" data-aos-duration=\"700\">Nakon \u0161to provjerimo role, neovisne i neo\u0161te\u0107ene role bez brendinga donose kupon za popust. Role s brendingom tako\u0111er mo\u017eete poslati, ali za njih ne odobravamo naknadu.<\/div><\/div> <\/div><\/div>\n\n<div id=\"gspb_gsap-gsbp-452400c\"><div class=\"gs-gsap-parallax\" data-speedy=\"45\"><div id=\"gsbp-452400c\" class=\"gs-gsap-wrap\" data-duration=\"1\" data-triggertype=\"load\" data-from=\"yes\"><\/div><\/div><\/div><\/div><\/div><p><\/p>","protected":false},"excerpt":{"rendered":"<p>In the world of 3D printing, one significant challenge continues to emerge \u2013 the waste generated from used filament spools. Once the filament is consumed, these spools often end up as single-use waste. Since they are typically made of plastic, recycling isn\u2019t always straightforward, leading to an accumulation of waste and added environmental impact. It\u2019s [&hellip;]<\/p>","protected":false},"author":1,"featured_media":3801,"parent":0,"menu_order":0,"comment_status":"closed","ping_status":"closed","template":"","meta":{"_acf_changed":false,"_gspb_post_css":"#gspb_image-id-gsbp-a810fc1 img{object-position:52% 59%;vertical-align:top;display:inline-block;box-sizing:border-box;max-width:100%;height:auto}#gspb_gsap-gsbp-91307a0{perspective:500px}#gspb_row-id-gsbp-fd48e6ab-f5a7{justify-content:space-between;margin-top:0;margin-bottom:0;display:flex;flex-wrap:wrap;background-color:#fff}#gspb_row-id-gsbp-fd48e6ab-f5a7>.gspb_row__content{display:flex;justify-content:space-between;margin:0 auto;width:100%;flex-wrap:wrap}.gspb_row{position:relative}div[id^=gspb_col-id]{box-sizing:border-box;position:relative;padding:15px min(3vw,20px)}#gspb_col-id-gsbp-67c70c93-9732.gspb_row__col--12{width:100%}@media (max-width:575.98px){#gspb_col-id-gsbp-67c70c93-9732.gspb_row__col--12{width:100%}}.gspb_row #gspb_col-id-gsbp-67c70c93-9732.gspb_row__col--12{padding-top:60px;padding-bottom:60px}#gspb_heading-id-gsbp-eaa9249f-788e{transition-duration:.7s;transition-timing-function:var(--gs-root-animation-easing, cubic-bezier(0.42, 0, 0.58, 1));transition-property:opacity,transform,clip-path;opacity:0;transform:perspective(2500px) rotateX(-30deg) rotateY(0deg) rotateZ(0deg) translate3d(0,30px,0) scale(1);font-size:38px}#gspb_heading-id-gsbp-eaa9249f-788e.aos-animate,#gspb_heading-id-gsbp-eaa9249f-788e[data-gs-aos]{opacity:1;transform:translate3d(0,0,0) scale(1) rotateX(0) rotateZ(0) rotateY(0)}#gspb_heading-id-gsbp-eaa9249f-788e,#gspb_heading-id-gsbp-eaa9249f-788e .gsap-g-line{text-align:center!important}#gspb_heading-id-gsbp-eaa9249f-788e{font-weight:700!important;color:#000;margin-bottom:40px}#gspb_svgBox-id-gsbp-6ff1e978-255e{justify-content:center;display:flex;margin-bottom:30px;transition-duration:.7s;transition-timing-function:var(--gs-root-animation-easing, cubic-bezier(0.42, 0, 0.58, 1));transition-delay:0s;opacity:var(--gs-root-animation-opacity, 0);transition-property:opacity,transform,filter;transform:var(--gs-root-animation-transform, translate3d(calc(max(50px, 15%) * -1), 0, 0))}#gspb_svgBox-id-gsbp-6ff1e978-255e svg{margin:0!important;overflow:visible}#gspb_svgBox-id-gsbp-6ff1e978-255e.aos-animate,#gspb_svgBox-id-gsbp-6ff1e978-255e[data-gs-aos]{transition-delay:.2s;--gs-root-animation-delay:0.2s;opacity:1;transform:translateZ(0)}#gspb_svgBox-id-gsbp-6ff1e978-255e,#gspb_svgBox-id-gsbp-6ff1e978-255e svg{width:200px!important}#gspb_svgBox-id-gsbp-6ff1e978-255e svg{max-width:100%}#gspb_heading-id-gsbp-54e9c541-d544{transition-duration:.7s;transition-timing-function:var(--gs-root-animation-easing, cubic-bezier(0.42, 0, 0.58, 1));transition-delay:0s;transition-property:opacity,transform,clip-path;opacity:0;transform:perspective(2500px) rotateX(-30deg) rotateY(0deg) rotateZ(0deg) translate3d(0,30px,0) scale(1);font-size:26px}#gspb_heading-id-gsbp-54e9c541-d544.aos-animate,#gspb_heading-id-gsbp-54e9c541-d544[data-gs-aos]{transition-delay:.3s;--gs-root-animation-delay:0.3s;opacity:1;transform:translate3d(0,0,0) scale(1) rotateX(0) rotateZ(0) rotateY(0)}#gspb_heading-id-gsbp-54e9c541-d544,#gspb_heading-id-gsbp-54e9c541-d544 .gsap-g-line{text-align:center!important}#gspb_heading-id-gsbp-54e9c541-d544{color:var(--wp--preset--color--secondary, var(--rehub-sec-color));margin-bottom:50px}#gspb_row-id-gsbp-24dcc660-c888{justify-content:space-between;margin-top:0;margin-bottom:0;display:flex;flex-wrap:wrap}#gspb_row-id-gsbp-24dcc660-c888>.gspb_row__content{display:flex;justify-content:space-between;margin:0 auto;width:100%;flex-wrap:wrap;max-width:1200px}#gspb_col-id-gsbp-eba78062-2189.gspb_row__col--4{width:33.333333333333336%}@media (max-width:575.98px){#gspb_col-id-gsbp-eba78062-2189.gspb_row__col--4{width:100%}}#gspb_col-id-gsbp-eba78062-2189.gspb_row__col--4{flex-direction:column}body #gspb_col-id-gsbp-75b92535-622b.gspb_row__col--4,body #gspb_col-id-gsbp-a38b9ba4-aac4.gspb_row__col--4,body #gspb_col-id-gsbp-eba78062-2189.gspb_row__col--4{display:flex;flex-direction:column;justify-content:center;align-items:center}.gspb_container-id-gsbp-4ea32bdf-8e2f,.gspb_container-id-gsbp-91d00e5d-0ac5{flex-direction:column;box-sizing:border-box}#gspb_container-id-gsbp-4ea32bdf-8e2f.gspb_container>p:last-of-type,#gspb_container-id-gsbp-91d00e5d-0ac5.gspb_container>p:last-of-type{margin-bottom:0}#gspb_container-id-gsbp-4ea32bdf-8e2f.gspb_container{position:relative;line-height:70px;text-align:center!important;padding-bottom:4px;width:100px;min-width:100px;height:100px;border-top-left-radius:99px;border-top-right-radius:99px;border-bottom-right-radius:99px;border-bottom-left-radius:99px;background-color:red;transition-duration:.7s;transition-timing-function:var(--gs-root-animation-easing, cubic-bezier(0.42, 0, 0.58, 1));opacity:var(--gs-root-animation-opacity, 0);transition-property:opacity,transform;transform:var(--gs-root-animation-transform, scale(0.6))}#gspb_container-id-gsbp-4ea32bdf-8e2f.gspb_container .gsap-g-line{text-align:center!important}#gspb_container-id-gsbp-4ea32bdf-8e2f.gspb_container.aos-animate,#gspb_container-id-gsbp-4ea32bdf-8e2f.gspb_container[data-gs-aos]{opacity:1;transform:translateZ(0) scale(1)}#gspb_heading-id-gsbp-10fd393c-22a7{font-size:60px;line-height:100px;font-weight:700!important;color:#fff}#gspb_heading-id-gsbp-0f7af70c-725d,#gspb_heading-id-gsbp-c8a2866b-b4cf{transition-duration:.7s;transition-timing-function:var(--gs-root-animation-easing, cubic-bezier(0.42, 0, 0.58, 1));transition-property:opacity,transform,clip-path;opacity:0;transform:perspective(2500px) rotateX(0deg) rotateY(0deg) rotateZ(0deg) translate3d(0,30px,0) scale(1)}#gspb_heading-id-gsbp-0f7af70c-725d{font-size:24px;color:var(--wp--preset--color--secondary, var(--rehub-sec-color));margin-top:40px;margin-bottom:0}#gspb_heading-id-gsbp-0f7af70c-725d.aos-animate,#gspb_heading-id-gsbp-0f7af70c-725d[data-gs-aos]{opacity:1;transform:translate3d(0,0,0) scale(1) rotateX(0) rotateZ(0) rotateY(0)}#gspb_heading-id-gsbp-c8a2866b-b4cf{transition-delay:0s;font-size:15px}#gspb_heading-id-gsbp-c8a2866b-b4cf.aos-animate,#gspb_heading-id-gsbp-c8a2866b-b4cf[data-gs-aos]{transition-delay:.2s;--gs-root-animation-delay:0.2s;opacity:1;transform:translate3d(0,0,0) scale(1) rotateX(0) rotateZ(0) rotateY(0)}#gspb_heading-id-gsbp-c8a2866b-b4cf,#gspb_heading-id-gsbp-c8a2866b-b4cf .gsap-g-line{text-align:center!important}#gspb_heading-id-gsbp-c8a2866b-b4cf{color:var(--wp--preset--color--secondary, var(--rehub-sec-color));margin-top:16px}#gspb_col-id-gsbp-a38b9ba4-aac4.gspb_row__col--4{width:33.333333333333336%}@media (max-width:575.98px){#gspb_col-id-gsbp-a38b9ba4-aac4.gspb_row__col--4{width:100%}}#gspb_col-id-gsbp-a38b9ba4-aac4.gspb_row__col--4{flex-direction:column}#gspb_container-id-gsbp-91d00e5d-0ac5.gspb_container{position:relative;line-height:70px;text-align:center!important;padding-bottom:4px;width:100px;min-width:100px;height:100px;border-top-left-radius:99px;border-top-right-radius:99px;border-bottom-right-radius:99px;border-bottom-left-radius:99px;background-color:red;transition-duration:.7s;transition-timing-function:var(--gs-root-animation-easing, cubic-bezier(0.42, 0, 0.58, 1));transition-delay:0s;opacity:var(--gs-root-animation-opacity, 0);transition-property:opacity,transform;transform:var(--gs-root-animation-transform, scale(0.6))}#gspb_container-id-gsbp-91d00e5d-0ac5.gspb_container .gsap-g-line{text-align:center!important}#gspb_container-id-gsbp-91d00e5d-0ac5.gspb_container.aos-animate,#gspb_container-id-gsbp-91d00e5d-0ac5.gspb_container[data-gs-aos]{transition-delay:.2s;--gs-root-animation-delay:0.2s;opacity:1;transform:translateZ(0) scale(1)}#gspb_heading-id-gsbp-c9a90aba-62c0{font-size:60px;line-height:100px;font-weight:700!important;color:#fff}#gspb_heading-id-gsbp-6e9a2f8a-d926,#gspb_heading-id-gsbp-91039d52-2f05{transition-duration:.7s;transition-timing-function:var(--gs-root-animation-easing, cubic-bezier(0.42, 0, 0.58, 1));transition-delay:0s;transition-property:opacity,transform,clip-path;opacity:0;transform:perspective(2500px) rotateX(0deg) rotateY(0deg) rotateZ(0deg) translate3d(0,30px,0) scale(1);font-size:24px;color:var(--wp--preset--color--secondary, var(--rehub-sec-color));margin-top:40px}#gspb_heading-id-gsbp-6e9a2f8a-d926.aos-animate,#gspb_heading-id-gsbp-6e9a2f8a-d926[data-gs-aos],#gspb_heading-id-gsbp-91039d52-2f05.aos-animate,#gspb_heading-id-gsbp-91039d52-2f05[data-gs-aos]{transition-delay:.2s;--gs-root-animation-delay:0.2s;opacity:1;transform:translate3d(0,0,0) scale(1) rotateX(0) rotateZ(0) rotateY(0)}#gspb_heading-id-gsbp-91039d52-2f05{font-size:15px;text-align:center!important;margin-top:16px}#gspb_heading-id-gsbp-91039d52-2f05 .gsap-g-line{text-align:center!important}#gspb_col-id-gsbp-75b92535-622b.gspb_row__col--4{width:33.333333333333336%}@media (max-width:575.98px){#gspb_col-id-gsbp-75b92535-622b.gspb_row__col--4{width:100%}}#gspb_col-id-gsbp-75b92535-622b.gspb_row__col--4{flex-direction:column}#gspb_iconBox-id-gsbp-3dd63393-41dd svg{height:60px!important;width:60px!important;min-width:60px!important;fill:#fff!important;margin:0!important}#gspb_iconBox-id-gsbp-3dd63393-41dd{justify-content:center;display:flex}#gspb_iconBox-id-gsbp-3dd63393-41dd .gspb_iconBox__wrapper:hover svg,#gspb_iconBox-id-gsbp-3dd63393-41dd .gspb_iconBox__wrapper:hover svg path,#gspb_iconBox-id-gsbp-3dd63393-41dd svg path,#gspb_iconBox-id-gsbp-3dd63393-41dd svg:hover,#gspb_iconBox-id-gsbp-3dd63393-41dd svg:hover path{fill:#fff!important}#gspb_heading-id-gsbp-0209e1a5-95bd,#gspb_heading-id-gsbp-1c482e8b-7d15,#gspb_iconBox-id-gsbp-3dd63393-41dd .gspb_iconBox__wrapper{transition-duration:.7s;transition-timing-function:var(--gs-root-animation-easing, cubic-bezier(0.42, 0, 0.58, 1));transition-delay:0s}#gspb_iconBox-id-gsbp-3dd63393-41dd .gspb_iconBox__wrapper{background-color:#00d084;padding:20px;border-radius:50%;opacity:var(--gs-root-animation-opacity, 0);transition-property:opacity,transform;transform:var(--gs-root-animation-transform, scale(0.6))}#gspb_iconBox-id-gsbp-3dd63393-41dd .gspb_iconBox__wrapper.aos-animate,#gspb_iconBox-id-gsbp-3dd63393-41dd .gspb_iconBox__wrapper[data-gs-aos]{transition-delay:.35s;--gs-root-animation-delay:0.35s;opacity:1;transform:translateZ(0) scale(1)}#gspb_heading-id-gsbp-0209e1a5-95bd,#gspb_heading-id-gsbp-1c482e8b-7d15{transition-property:opacity,transform,clip-path;opacity:0;transform:perspective(2500px) rotateX(0deg) rotateY(0deg) rotateZ(0deg) translate3d(0,30px,0) scale(1)}#gspb_heading-id-gsbp-1c482e8b-7d15{font-size:24px;color:var(--wp--preset--color--secondary, var(--rehub-sec-color));margin-top:40px}#gspb_heading-id-gsbp-1c482e8b-7d15.aos-animate,#gspb_heading-id-gsbp-1c482e8b-7d15[data-gs-aos]{transition-delay:.2s;--gs-root-animation-delay:0.2s;opacity:1;transform:translate3d(0,0,0) scale(1) rotateX(0) rotateZ(0) rotateY(0)}#gspb_heading-id-gsbp-0209e1a5-95bd{font-size:15px}#gspb_heading-id-gsbp-0209e1a5-95bd.aos-animate,#gspb_heading-id-gsbp-0209e1a5-95bd[data-gs-aos]{transition-delay:.3s;--gs-root-animation-delay:0.3s;opacity:1;transform:translate3d(0,0,0) scale(1) rotateX(0) rotateZ(0) rotateY(0)}#gspb_heading-id-gsbp-0209e1a5-95bd,#gspb_heading-id-gsbp-0209e1a5-95bd .gsap-g-line{text-align:center!important}#gspb_heading-id-gsbp-0209e1a5-95bd{color:var(--wp--preset--color--secondary, var(--rehub-sec-color));margin-top:16px}body.gspb-bodyfront #gspb_gsap-gsbp-452400c{position:absolute;top:0;right:0}[data-prehidden],body.gspb-bodyfront .gs-prehidden{visibility:hidden}#gspb_gsap-gsbp-452400c{perspective:500px}","footnotes":""},"class_list":["post-3798","page","type-page","status-publish","has-post-thumbnail","hentry"],"acf":[],"_links":{"self":[{"href":"https:\/\/b2b.crofil3d.com\/hr\/wp-json\/wp\/v2\/pages\/3798","targetHints":{"allow":["GET"]}}],"collection":[{"href":"https:\/\/b2b.crofil3d.com\/hr\/wp-json\/wp\/v2\/pages"}],"about":[{"href":"https:\/\/b2b.crofil3d.com\/hr\/wp-json\/wp\/v2\/types\/page"}],"author":[{"embeddable":true,"href":"https:\/\/b2b.crofil3d.com\/hr\/wp-json\/wp\/v2\/users\/1"}],"replies":[{"embeddable":true,"href":"https:\/\/b2b.crofil3d.com\/hr\/wp-json\/wp\/v2\/comments?post=3798"}],"version-history":[{"count":0,"href":"https:\/\/b2b.crofil3d.com\/hr\/wp-json\/wp\/v2\/pages\/3798\/revisions"}],"wp:featuredmedia":[{"embeddable":true,"href":"https:\/\/b2b.crofil3d.com\/hr\/wp-json\/wp\/v2\/media\/3801"}],"wp:attachment":[{"href":"https:\/\/b2b.crofil3d.com\/hr\/wp-json\/wp\/v2\/media?parent=3798"}],"curies":[{"name":"wp","href":"https:\/\/api.w.org\/{rel}","templated":true}]}}