{"id":3763,"date":"2024-10-28T20:23:04","date_gmt":"2024-10-28T20:23:04","guid":{"rendered":"https:\/\/b2b.crofil3d.com\/?page_id=3763"},"modified":"2025-02-16T17:13:02","modified_gmt":"2025-02-16T16:13:02","slug":"faqs","status":"publish","type":"page","link":"https:\/\/b2b.crofil3d.com\/hr\/faqs\/","title":{"rendered":"\u010cesta pitanja"},"content":{"rendered":"<p><strong>Dobrodo\u0161li na na\u0161u stranicu s \u010desto postavljenim pitanjima!<\/strong><\/p><p>Za vi\u0161e odgovora, pogledajte na\u0161a \u010desto postavljana pitanja. Ako ne na\u0111ete \u0161to tra\u017eite, javite nam se preko stranice za kontakt. Va\u0161a zadovoljstva su nam najva\u017enija. Hvala \u0161to ste nas izabrali!<\/p><p><strong>Koji filament je najbolji?<\/strong><br>Svaki materijal dolazi sa svojim skupom prednosti i nedostataka.<br>PLA se isti\u010de svojom jednostavno\u0161\u0107u ispisa i odsustvom neugodnih mirisa.&nbsp;<strong>ASA<\/strong>, ima ve\u0107u otpornost na temperaturu od PLA-a, iako je preporu\u010dljivo koristiti zatvorenu komoru za ispis. Rad s ASA-om mo\u017ee biti ne\u0161to izazovniji i mo\u017ee biti prisutan slab miris plastike; me\u0111utim, i kvalitetni ASA se mo\u017ee u\u010dinkovito obraditi.<br>Pored PLA-a i ASA-a, postoji \u0161irok raspon filamenata s impresivnim svojstvima, kao \u0161to su PET, PETG, TPU, TPE, najlon, polikarbonat i mnogi drugi.<\/p><p><strong>Kako mogu otkazati ili izmijeniti narud\u017ebu?<\/strong><br>Otkazivanje ili izmjena va\u0161e narud\u017ebe mogu\u0107a je sve dok nije obra\u0111ena u na\u0161em sustavu narud\u017ebi. Me\u0111utim, jednom kada su va\u0161i proizvodi otpremljeni, promjene ili otkazivanja nisu mogu\u0107i.<\/p><p><strong>Gdje mogu preuzeti besplatne 3D modele s interneta?<\/strong><br>Postoji mnogo baza podataka za 3D printanje. Najpoznatiji me\u0111u njima mogu se odabrati ovdje:<br>Makerworld<br>Printables<br>Thingiverse<br>YouMagine<br>GrabCad<br>CGTrader<br>MyMiniFactory<br>Cults<br>Pinshape<br>Turbosquid<\/p><p><strong>\u017delio\/la bih vratiti naru\u010dene artikle. Koji koraci su potrebni?<\/strong><br>Kao kupac, zakonski imate pravo otkazati ugovor u roku od 14 dana bez obja\u0161njenja. Mo\u017eete vratiti proizvode ako su u originalnom pakiranju i neo\u0161te\u0107eni. Nakon provjere, vratit \u0107emo vam novac. Ako je rok istekao, kontaktirajte nas i na\u0107i \u0107emo rje\u0161enje.<\/p><p><strong>Na\u0161a adresa za dostavu:<\/strong><br>Crofil 3D d.o.o.<br>M. Gupca 6<br>32252 Komletinci<br>Hrvatska<br>Dodatne informacije o postupku povla\u010denja mo\u017eete prona\u0107i&nbsp;<a href=\"https:\/\/chat.deepseek.com\/a\/chat\/s\/link\" target=\"_blank\" rel=\"noreferrer noopener\">ovdje<\/a>.<\/p><div class=\"wp-block-columns is-layout-flex wp-container-core-columns-is-layout-9d6595d7 wp-block-columns-is-layout-flex\"><div class=\"wp-block-column is-layout-flow wp-block-column-is-layout-flow\"><\/div><\/div><div class=\"wp-block-greenshift-blocks-container gspb_container gspb_container-gsbp-3a383a9\" id=\"gspb_container-id-gsbp-3a383a9\"><\/div><div id=\"gspb_gsap-gsbp-f7280a3\"><div id=\"gsbp-f7280a3\" class=\"gs-gsap-wrap\" data-duration=\"1\" data-triggertype=\"scroll\" data-from=\"yes\"><div class=\"wp-block-columns alignwide are-vertically-aligned-center is-layout-flex wp-container-core-columns-is-layout-9d6595d7 wp-block-columns-is-layout-flex\"><div class=\"wp-block-column is-vertically-aligned-center is-layout-flow wp-block-column-is-layout-flow\" style=\"flex-basis:100%\"><\/div><\/div><\/div><\/div>","protected":false},"excerpt":{"rendered":"<p>Welcome to Our FAQ Page! For more answers and assistance, explore our FAQ section. If you can\u2019t find what you\u2019re looking for, feel free to reach out to us through our contact page. Which filament is best?Each material comes with its own set of pros and cons.PLA stands out for its ease of printing and [&hellip;]<\/p>","protected":false},"author":1,"featured_media":0,"parent":0,"menu_order":0,"comment_status":"closed","ping_status":"closed","template":"","meta":{"_acf_changed":false,"_gspb_post_css":".gspb_container-id-gsbp-3a383a9{flex-direction:column;box-sizing:border-box}#gspb_container-id-gsbp-3a383a9.gspb_container>p:last-of-type{margin-bottom:0}#gspb_container-id-gsbp-3a383a9.gspb_container{position:relative}[data-prehidden],body.gspb-bodyfront .gs-prehidden{visibility:hidden}#gspb_gsap-gsbp-f7280a3{perspective:500px}","footnotes":""},"class_list":["post-3763","page","type-page","status-publish","hentry"],"acf":[],"_links":{"self":[{"href":"https:\/\/b2b.crofil3d.com\/hr\/wp-json\/wp\/v2\/pages\/3763","targetHints":{"allow":["GET"]}}],"collection":[{"href":"https:\/\/b2b.crofil3d.com\/hr\/wp-json\/wp\/v2\/pages"}],"about":[{"href":"https:\/\/b2b.crofil3d.com\/hr\/wp-json\/wp\/v2\/types\/page"}],"author":[{"embeddable":true,"href":"https:\/\/b2b.crofil3d.com\/hr\/wp-json\/wp\/v2\/users\/1"}],"replies":[{"embeddable":true,"href":"https:\/\/b2b.crofil3d.com\/hr\/wp-json\/wp\/v2\/comments?post=3763"}],"version-history":[{"count":0,"href":"https:\/\/b2b.crofil3d.com\/hr\/wp-json\/wp\/v2\/pages\/3763\/revisions"}],"wp:attachment":[{"href":"https:\/\/b2b.crofil3d.com\/hr\/wp-json\/wp\/v2\/media?parent=3763"}],"curies":[{"name":"wp","href":"https:\/\/api.w.org\/{rel}","templated":true}]}}