{"id":2957,"date":"2024-01-06T00:14:32","date_gmt":"2024-01-06T00:14:32","guid":{"rendered":"https:\/\/b2b.crofil3d.com\/about-us\/"},"modified":"2024-12-29T17:04:47","modified_gmt":"2024-12-29T16:04:47","slug":"about-crofil-3d","status":"publish","type":"page","link":"https:\/\/b2b.crofil3d.com\/hr\/about-crofil-3d\/","title":{"rendered":"About Crofil 3D"},"content":{"rendered":"<h1>About Crofil 3D<\/h1><h2><strong>CROFIL 3D: Kvalitetni Filamenti Proizvedeni u Hrvatskoj<\/strong><\/h2><p>Dobrodo\u0161li u CROFIL 3D \u2013 va\u0161u pouzdanu trgovinu za visokokvalitetne filamente, trenutno nudimo PLA, ASA i PETG, a u budu\u0107nosti planiramo pro\u0161iriti ponudu s novim vrstama. Na\u0161a online trgovina, dio COVIC 3D d.o.o., predstavlja lokalnu alternativu na tr\u017ei\u0161tu preplavljenom uvoznim proizvodima.<\/p><h2><strong>Za\u0161to odabrati CROFIL 3D?<\/strong><\/h2><p><strong>Lokalna proizvodnja:<\/strong> Proizvodnja u Komletincima omogu\u0107ava kontrolu kvalitete i kra\u0107e vrijeme dostave, uz podr\u0161ku doma\u0107oj industriji. Svaka kupnja doprinosi lokalnoj zajednici.<\/p><p><strong>\u0160iroka primjena:<\/strong> Our filament is used by schools, businesses, and 3D printing enthusiasts alike. We provide a reliable, high-quality material for all needs.<\/p><p><strong>Ekolo\u0161ka svijest:<\/strong> Radimo na na\u010din koji smanjuje utjecaj na okoli\u0161, osiguravaju\u0107i visokokvalitetne filamente s minimalnim otpadom.<\/p><h2><strong>Na\u0161a pri\u010da:<\/strong><\/h2><p>Osnovali smo CROFIL 3D s vizijom ponude kvalitetnog, doma\u0107e proizvedenog filamenta za 3D printere. Na\u0161a tvornica u Komletincima ovu viziju pretvara u stvarnost. Svaka \u0161pula filamenta proizvedena ovdje podr\u017eava ne samo hrvatsku obrtni\u010dku vje\u0161tinu, ve\u0107 i duh lokalne inovativnosti. Ovaj pristup nam omogu\u0107ava da se usredoto\u010dimo na ono \u0161to je va\u017eno: stvaranje pouzdanih, visokokvalitetnih materijala za profesionalce, hobiste i obrazovne ustanove diljem zemlje.<\/p><h2><strong>Zaklju\u010dak:<\/strong><\/h2><p>Odabirom CROFIL 3D-a ne kupujete samo filament; podr\u017eavate temelje hrvatskog 3D printanja.<br>Kako \u0161irimo ponudu i nastavljamo s inovacijama, na\u0161 cilj je postati pouzdano ime za kvalitetu, odr\u017eivost i lokalnu stru\u010dnost. Slobodno nam se obratite s pitanjima o na\u0161im proizvodima \u2013 tu smo da pomognemo.<br><br>Please check our <a href=\"https:\/\/b2b.crofil3d.com\/hr\/shop\/\" data-type=\"page\" data-id=\"18\">TRGOVINA <\/a><\/p>","protected":false},"excerpt":{"rendered":"<p>Welcome to CROFIL 3D \u2013 your trusted source for high-quality filaments. Currently, we offer PLA, ASA, and PETG, with plans to expand our range in the future. Our online store, part of COVIC 3D d.o.o., represents a local alternative in a market filled with imported products. Local Production: Our production in Komletinci allows for quality [&hellip;]<\/p>","protected":false},"author":1,"featured_media":3531,"parent":0,"menu_order":0,"comment_status":"closed","ping_status":"closed","template":"","meta":{"_acf_changed":false,"_gspb_post_css":"","footnotes":""},"class_list":["post-2957","page","type-page","status-publish","has-post-thumbnail","hentry"],"acf":[],"_links":{"self":[{"href":"https:\/\/b2b.crofil3d.com\/hr\/wp-json\/wp\/v2\/pages\/2957","targetHints":{"allow":["GET"]}}],"collection":[{"href":"https:\/\/b2b.crofil3d.com\/hr\/wp-json\/wp\/v2\/pages"}],"about":[{"href":"https:\/\/b2b.crofil3d.com\/hr\/wp-json\/wp\/v2\/types\/page"}],"author":[{"embeddable":true,"href":"https:\/\/b2b.crofil3d.com\/hr\/wp-json\/wp\/v2\/users\/1"}],"replies":[{"embeddable":true,"href":"https:\/\/b2b.crofil3d.com\/hr\/wp-json\/wp\/v2\/comments?post=2957"}],"version-history":[{"count":0,"href":"https:\/\/b2b.crofil3d.com\/hr\/wp-json\/wp\/v2\/pages\/2957\/revisions"}],"wp:featuredmedia":[{"embeddable":true,"href":"https:\/\/b2b.crofil3d.com\/hr\/wp-json\/wp\/v2\/media\/3531"}],"wp:attachment":[{"href":"https:\/\/b2b.crofil3d.com\/hr\/wp-json\/wp\/v2\/media?parent=2957"}],"curies":[{"name":"wp","href":"https:\/\/api.w.org\/{rel}","templated":true}]}}