{"id":2571,"date":"2024-01-09T19:20:34","date_gmt":"2024-01-09T19:20:34","guid":{"rendered":"https:\/\/b2b.crofil3d.com\/?page_id=2571"},"modified":"2024-12-29T17:52:57","modified_gmt":"2024-12-29T16:52:57","slug":"contact-crofil-3d","status":"publish","type":"page","link":"https:\/\/b2b.crofil3d.com\/hr\/contact-crofil-3d\/","title":{"rendered":"Contact Crofil 3D"},"content":{"rendered":"<div class=\"wp-block-group alignwide is-layout-constrained wp-block-group-is-layout-constrained\"><div style=\"height:100px\" aria-hidden=\"true\" class=\"wp-block-spacer\"><\/div><\/div><div class=\"wp-block-group alignfull woocommerce product post is-layout-constrained wp-block-group-is-layout-constrained\"><h2 id=\"gspb_heading-id-gsbp-882aff5\" class=\"gspb_heading gspb_heading-id-gsbp-882aff5\">Kontaktirajte Crofil 3D \u2013 Tu smo da vam pomognemo<\/h2>\n\n<div id=\"gspb_text-id-gsbp-fb26332\" class=\"gspb_text gspb_text-id-gsbp-fb26332\">Po\u0161aljite nam poruku i javit \u0107emo vam se u najkra\u0107em mogu\u0107em roku.<\/div><\/div>\n<div class=\"wpcf7 no-js\" id=\"wpcf7-f2907-o1\" lang=\"en-US\" dir=\"ltr\" data-wpcf7-id=\"2907\">\n<div class=\"screen-reader-response\"><p role=\"status\" aria-live=\"polite\" aria-atomic=\"true\"><\/p> <ul><\/ul><\/div>\n<form action=\"\/hr\/wp-json\/wp\/v2\/pages\/2571#wpcf7-f2907-o1\" method=\"post\" class=\"wpcf7-form init\" aria-label=\"Contact form\" novalidate=\"novalidate\" data-status=\"init\" data-trp-original-action=\"\/hr\/wp-json\/wp\/v2\/pages\/2571#wpcf7-f2907-o1\">\n<div style=\"display: none;\">\n<input type=\"hidden\" name=\"_wpcf7\" value=\"2907\" \/>\n<input type=\"hidden\" name=\"_wpcf7_version\" value=\"6.0.6\" \/>\n<input type=\"hidden\" name=\"_wpcf7_locale\" value=\"en_US\" \/>\n<input type=\"hidden\" name=\"_wpcf7_unit_tag\" value=\"wpcf7-f2907-o1\" \/>\n<input type=\"hidden\" name=\"_wpcf7_container_post\" value=\"0\" \/>\n<input type=\"hidden\" name=\"_wpcf7_posted_data_hash\" value=\"\" \/>\n<\/div>\n<p><label> Va\u0161e ime<br \/>\n<span class=\"wpcf7-form-control-wrap your-name\"><input size=\"40\" class=\"wpcf7-form-control wpcf7-text wpcf7-validates-as-required\" autocomplete=\"name\" aria-required=\"true\" aria-invalid=\"false\" value=\"\" type=\"text\" name=\"your-name\" \/><\/span> <\/label>\n<\/p>\n<p><label> Va\u0161 email<br \/>\n<span class=\"wpcf7-form-control-wrap your-email\"><input size=\"40\" class=\"wpcf7-form-control wpcf7-email wpcf7-validates-as-required wpcf7-text wpcf7-validates-as-email\" autocomplete=\"email\" aria-required=\"true\" aria-invalid=\"false\" value=\"\" type=\"email\" name=\"your-email\" \/> <\/span> <\/label>\n<\/p>\n<p><label> Predmet<br \/>\n<span class=\"wpcf7-form-control-wrap your-subject\"><input size=\"40\" class=\"wpcf7-form-control wpcf7-text wpcf7-validates-as-required\" aria-required=\"true\" aria-invalid=\"false\" value=\"\" type=\"text\" name=\"your-subject\" \/><\/span> <\/label>\n<\/p>\n<p><label> Va\u0161a poruka<br \/>\n<span class=\"wpcf7-form-control-wrap\" data-name=\"your-message\"><textarea cols=\"40\" rows=\"10\" maxlength=\"2000\" class=\"wpcf7-form-control wpcf7-textarea wpcf7-validates-as-required\" aria-required=\"true\" aria-invalid=\"false\" name=\"your-message\"><\/textarea><\/span> <\/label>\n<\/p>\n<p><div class=\"cf7-cf-turnstile\" style=\"margin-top: 0px; margin-bottom: -15px;\"> <div id=\"cf-turnstile-cf7-3937595231\" class=\"cf-turnstile\" data-sitekey=\"0x4AAAAAAAU_eO6IUgpI17Sy\" data-theme=\"light\" data-language=\"auto\" data-size=\"normal\" data-retry=\"auto\" data-retry-interval=\"1000\" data-action=\"contact-form-7\" data-appearance=\"always\"><\/div> <script>document.addEventListener(\"DOMContentLoaded\", function() { setTimeout(function(){ var e=document.getElementById(\"cf-turnstile-cf7-3937595231\"); e&&!e.innerHTML.trim()&&(turnstile.remove(\"#cf-turnstile-cf7-3937595231\"), turnstile.render(\"#cf-turnstile-cf7-3937595231\", {sitekey:\"0x4AAAAAAAU_eO6IUgpI17Sy\"})); }, 0); });<\/script> <br class=\"cf-turnstile-br cf-turnstile-br-cf7-3937595231\"> <style>#cf-turnstile-cf7-3937595231 { margin-left: -15px; }<\/style> <script>document.addEventListener(\"DOMContentLoaded\",function(){document.querySelectorAll('.wpcf7-form').forEach(function(e){e.addEventListener('submit',function(){if(document.getElementById('cf-turnstile-cf7-3937595231')){setTimeout(function(){turnstile.reset('#cf-turnstile-cf7-3937595231');},1000)}})})});<\/script> <\/div><br\/><input class=\"wpcf7-form-control wpcf7-submit has-spinner\" type=\"submit\" value=\"Po\u0161alji\" \/>\n<\/p><div class=\"wpcf7-response-output\" aria-hidden=\"true\"><\/div>\n<input type=\"hidden\" name=\"trp-form-language\" value=\"hr\"\/><\/form>\n<\/div>","protected":false},"excerpt":{"rendered":"","protected":false},"author":1,"featured_media":0,"parent":0,"menu_order":0,"comment_status":"closed","ping_status":"closed","template":"","meta":{"_acf_changed":false,"_gspb_post_css":"#gspb_heading-id-gsbp-882aff5,#gspb_heading-id-gsbp-882aff5 .gsap-g-line,.gspb_text-id-gsbp-fb26332,.gspb_text-id-gsbp-fb26332 .gsap-g-line{text-align:center!important}.gspb_text-id-gsbp-fb26332{margin-top:0!important}","footnotes":""},"class_list":["post-2571","page","type-page","status-publish","hentry"],"acf":[],"_links":{"self":[{"href":"https:\/\/b2b.crofil3d.com\/hr\/wp-json\/wp\/v2\/pages\/2571","targetHints":{"allow":["GET"]}}],"collection":[{"href":"https:\/\/b2b.crofil3d.com\/hr\/wp-json\/wp\/v2\/pages"}],"about":[{"href":"https:\/\/b2b.crofil3d.com\/hr\/wp-json\/wp\/v2\/types\/page"}],"author":[{"embeddable":true,"href":"https:\/\/b2b.crofil3d.com\/hr\/wp-json\/wp\/v2\/users\/1"}],"replies":[{"embeddable":true,"href":"https:\/\/b2b.crofil3d.com\/hr\/wp-json\/wp\/v2\/comments?post=2571"}],"version-history":[{"count":0,"href":"https:\/\/b2b.crofil3d.com\/hr\/wp-json\/wp\/v2\/pages\/2571\/revisions"}],"wp:attachment":[{"href":"https:\/\/b2b.crofil3d.com\/hr\/wp-json\/wp\/v2\/media?parent=2571"}],"curies":[{"name":"wp","href":"https:\/\/api.w.org\/{rel}","templated":true}]}}