{"id":2511,"date":"2023-12-01T16:10:52","date_gmt":"2023-12-01T16:10:52","guid":{"rendered":"https:\/\/b2b.crofil3d.com\/?page_id=2511"},"modified":"2025-04-23T22:54:06","modified_gmt":"2025-04-23T21:54:06","slug":"right-of-withdrawal","status":"publish","type":"page","link":"https:\/\/b2b.crofil3d.com\/hr\/right-of-withdrawal\/","title":{"rendered":"Hrvatska verzija (Pravo na jednostrani raskid ugovora)"},"content":{"rendered":"<h3 class=\"wp-block-heading\" id=\"withdrawal-form\">Pravo na povla\u010denje<\/h3><p>Imate pravo, jednostrano raskinuti ugovor u roku od <strong>14 dana<\/strong> bez navo\u0111enja razloga<\/p><p>Rok za jednostrani raskid po\u010dinje te\u0107i od dana kada je Vama ili tre\u0107oj osobi, koja nije prijevoznik i koju ste Vi odredili, roba predana u posjed.<\/p><p>Da biste ostvarili pravo na jednostrani raskid ugovora, morate nas obavijestiti na:<\/p><p><strong>Crofil 3D d.o.o.<\/strong><br>Matije Gupca 6, 32252 Komletinci, Croatia<br>Email: <a class=\"\">info@crofil3d.com<\/a><br>Phone: +385 98 543 221<\/p><p>o svojoj odluci o raskidu ugovora prije isteka roka, putem nedvosmislene izjave poslane po\u0161tom ili elektroni\u010dkom po\u0161tom.<\/p><hr class=\"wp-block-separator has-alpha-channel-opacity\"\/><h3 class=\"wp-block-heading\" id=\"effects-of-withdrawal\">Posljedice jednostranog raskida<\/h3><p>Ako jednostrano raskinete ovaj ugovor, izvr\u0161it \u0107emo povrat svih uplata koje smo od Vas primili, uklju\u010duju\u0107i tro\u0161kove isporuke (osim dodatnih tro\u0161kova ako ste izabrali drugu vrstu dostave od najjeftinije ponu\u0111ene), bez nepotrebnog odga\u0111anja, a najkasnije u roku od <strong>14 dana<\/strong> od dana kada smo zaprimili Va\u0161u odluku o raskidu ugovora.<\/p><p>Povrat \u0107emo izvr\u0161iti istim sredstvom pla\u0107anja koje ste koristili, osim ako izri\u010dito ne zatra\u017eite druk\u010dije.<\/p><p>Povrat novca mo\u017eemo zadr\u017eati dok ne dobijemo robu natrag ili dok ne dostavite dokaz da ste robu poslali natrag.<\/p><hr class=\"wp-block-separator has-alpha-channel-opacity\"\/><h3 class=\"wp-block-heading\" id=\"return-of-goods\">Povrat robe<\/h3><p>Robu vratite bez odga\u0111anja, a najkasnije u roku od 14 dana od dana kada ste nas obavijestili o raskidu ugovora.<\/p><p>Izravne tro\u0161kove povrata robe <strong>snosi kupac.<\/strong>.<\/p><hr class=\"wp-block-separator has-alpha-channel-opacity\"\/><h3 class=\"wp-block-heading\" id=\"exceptions-to-the-right-of-withdrawal\">Izuze\u0107a od prava na raskid<\/h3><p>Pravo na jednostrani raskid ugovora <strong>ne odnosi se<\/strong> na:<\/p><p>Robu izra\u0111enu po specifikaciji potro\u0161a\u010da ili jasno prilago\u0111enu njemu<\/p><p>Custom-made or personalized products<\/p><p>Robu koja zbog zdravstvenih ili higijenskih razloga nije pogodna za vra\u0107anje, ako je bila otpe\u010da\u0107ena<\/p><p>Robu koja je zbog svoje prirode nakon dostave nerazdvojivo pomije\u0161ana s drugim stvarima<\/p><p><strong>Na<\/strong><\/p><p>Ivan \u010covi\u0107<br>Matije Gupca 6<br>32253 Komletinci<br>Croatia<\/p><p>Mobile: +385 98 543221<br>Email: info@crofil3d.com<\/p><p>Ja\/mi (<em>) ovim putem jednostrano raskidam(o) ugovor<\/em>sklopljen izme\u0111u mene\/nas (<em>) o kupnji sljede\u0107e robe () \/ pru\u017eanju sljede\u0107e usluge ():<\/em>)<\/p><hr class=\"wp-block-separator has-alpha-channel-opacity\"\/><hr class=\"wp-block-separator has-alpha-channel-opacity\"\/><p>Narud\u017eba zaprimljena dana<em>) <strong><em><strong><em>_<\/em><\/strong><\/em><\/strong> \/ Roba primljena dana <strong><em><strong>_______<\/strong><\/em><\/strong><\/em><\/p><hr class=\"wp-block-separator has-alpha-channel-opacity\"\/><p>Ime potro\u0161a\u010da:<\/p><hr class=\"wp-block-separator has-alpha-channel-opacity\"\/><p>Adresa potro\u0161a\u010da:<\/p><hr class=\"wp-block-separator has-alpha-channel-opacity\"\/><p>Potpis potro\u0161a\u010da (samo ako se \u0161alje u papirnatom obliku):<\/p><hr class=\"wp-block-separator has-alpha-channel-opacity\"\/><p>Datum<\/p><p>(*) Neva\u017ee\u0107e precrtati<\/p><hr class=\"wp-block-separator has-alpha-channel-opacity\"\/><p><strong>Date:<\/strong> 01.12.2024, 11:21:12 AM<\/p>","protected":false},"excerpt":{"rendered":"<p>Right of Withdrawal You have the right to withdraw from this contract within 14 days without giving any reason. The withdrawal period will expire after 14 days from the day you or a third party other than the carrier and indicated by you acquires physical possession of the goods. To exercise the right of withdrawal, [&hellip;]<\/p>","protected":false},"author":1,"featured_media":0,"parent":0,"menu_order":0,"comment_status":"closed","ping_status":"closed","template":"","meta":{"_acf_changed":false,"_gspb_post_css":"","footnotes":""},"class_list":["post-2511","page","type-page","status-publish","hentry"],"acf":[],"_links":{"self":[{"href":"https:\/\/b2b.crofil3d.com\/hr\/wp-json\/wp\/v2\/pages\/2511","targetHints":{"allow":["GET"]}}],"collection":[{"href":"https:\/\/b2b.crofil3d.com\/hr\/wp-json\/wp\/v2\/pages"}],"about":[{"href":"https:\/\/b2b.crofil3d.com\/hr\/wp-json\/wp\/v2\/types\/page"}],"author":[{"embeddable":true,"href":"https:\/\/b2b.crofil3d.com\/hr\/wp-json\/wp\/v2\/users\/1"}],"replies":[{"embeddable":true,"href":"https:\/\/b2b.crofil3d.com\/hr\/wp-json\/wp\/v2\/comments?post=2511"}],"version-history":[{"count":0,"href":"https:\/\/b2b.crofil3d.com\/hr\/wp-json\/wp\/v2\/pages\/2511\/revisions"}],"wp:attachment":[{"href":"https:\/\/b2b.crofil3d.com\/hr\/wp-json\/wp\/v2\/media?parent=2511"}],"curies":[{"name":"wp","href":"https:\/\/api.w.org\/{rel}","templated":true}]}}